{"id":87,"date":"2024-08-19T22:02:28","date_gmt":"2024-08-19T22:02:28","guid":{"rendered":"https:\/\/iglesiaapostolicanuevopacto.com\/?page_id=87"},"modified":"2024-08-20T22:45:08","modified_gmt":"2024-08-20T22:45:08","slug":"delaracion-de-mision","status":"publish","type":"page","link":"https:\/\/iglesiaapostolicanuevopacto.com\/index.php\/delaracion-de-mision\/","title":{"rendered":"NUESTRA MISI\u00d3N"},"content":{"rendered":"\r\n<div class=\"color5-background-color bg-background-color tmpl-testimonial-10 boldgrid-section dynamic-gridblock background-fixed wp-elements-642c21721777805bdb3d0850a1712d93\" style=\"color: #ffffff; background-position: 50% 50%; background-size: cover; background-image: linear-gradient(rgba(19, 19, 19, 0.8), rgba(19, 19, 19, 0.8)), url('https:\/\/iglesiaapostolicanuevopacto.com\/wp-content\/uploads\/2024\/08\/ixlibrb-0.3.5q80fmjpgcropentropycstinysrgbw1600h900fitcrops2f712d13fd46439f4496d24ba3d502d1.jpg');\" data-bg-overlaycolor=\"rgba(19, 19, 19, 0.8)\" data-image-url=\"https:\/\/iglesiaapostolicanuevopacto.com\/wp-content\/uploads\/2024\/08\/ixlibrb-0.3.5q80fmjpgcropentropycstinysrgbw1600h900fitcrops2f712d13fd46439f4496d24ba3d502d1.jpg\">\r\n<div class=\"container-fluid\">\r\n<div class=\"row\">\r\n<div class=\"col-md-3 col-sm-2 col-xs-12 col-lg-3\"><\/div>\r\n<div class=\"col-md-6 col-sm-8 col-xs-12 fadeInLeft col-lg-6\" style=\"padding: 3em;\">\r\n<h2 class=\"wp-block-heading\">DECLARACI\u00d3N DE MISI\u00d3N<\/h2>\r\n<p class=\"h3\" style=\"text-align: center; margin-top: 20px; margin-bottom: 20px;\">\u201cSin profec\u00eda el pueblo se desenfrena; Mas el que guarda la ley es bienaventurado&#8221;<\/p>\r\n<p class=\"h3\" style=\"text-align: center; margin-top: 20px; margin-bottom: 20px;\">(Proverbios 29:18)<\/p>\r\n<\/div>\r\n<div class=\"col-md-3 col-sm-2 col-xs-12 col-lg-3\"><\/div>\r\n<\/div>\r\n<\/div>\r\n<\/div>\r\n<div class=\"color4-background-color color-4-text-contrast bg-background-color tmpl-blog-10 boldgrid-section dynamic-gridblock\">\r\n<div class=\"container\">\r\n<div class=\"row\">\r\n<div class=\"col-md-4 col-sm-12 col-xs-12 col-lg-4\">\r\n<h4 class=\"color2-color\">EXALTAR A CRISTO<\/h4>\r\n<p class=\"\">Exaltamos a Cristo por medio de la alabanza y la adoraci\u00f3n, por medio de altares personales y familiares, por medio de la oraci\u00f3n, por medio del ayuno, por medio de la lectura y la memorizaci\u00f3n de la Biblia<\/p>\r\n<ul class=\"bg-list-chevron bg-list\">\r\n<li>\u201cY amar\u00e1s al Se\u00f1or tu Dios con todo tu coraz\u00f3n, y con toda tu alma, y con toda tu mente y con todas tus fuerzas. Este es el principal mandamiento\u201d (Marcos 12:30)<\/li>\r\n<li>\u201cPues me propuse no saber entre vosotros cosa alguna sino a Jesucristo, y a este crucificado\u201d (1 Corintios 2:2)<\/li>\r\n<\/ul>\r\n<\/div>\r\n<div class=\"col-md-4 col-sm-12 col-xs-12 col-lg-4\">\r\n<div class=\"bg-box bg-box-rounded-bottom-left bg-box-rounded-top-right bg-box-cover color3-background-color color3-text-default\">\r\n<h4 class=\"color2-color\">EQUIPAR A LA IGLESIA<\/h4>\r\n<p class=\"\">Equipamos a la iglesia por medio de seminarios, tallares, colegios b\u00edblicos, y al ense\u00f1ar principios pr\u00e1cticos en torno al Liderazgo, Evangelismo, Crecimiento de la Iglesia, Consejer\u00eda, y Autoridad Espiritual<\/p>\r\n<ul class=\"bg-list-chevron bg-list\">\r\n<li>\u201cY \u00e9l mismo constituy\u00f3 a unos, ap\u00f3stoles; a otros, profetas; a otros, evangelistas; a otros, pastores y maestros, a fin de perfeccionar a los santos para la obra del ministerio, para la edificaci\u00f3n del cuerpo de Cristo, hasta que todos lleguemos a la unidad de la fe y del conocimiento del Hijo de Dios, a un var\u00f3n perfecto, a la medida de la estatura de la plenitud de Cristo\u201d (Efesios 4:11-13)<\/li>\r\n<\/ul>\r\n<\/div>\r\n<\/div>\r\n<div class=\"col-md-4 col-sm-12 col-xs-12 col-lg-4\">\r\n<h4 class=\"color2-color\">EVANGELIZAR EL MUNDO<\/h4>\r\n<p class=\"\">Evangelizamos al mundo al entrenar y enviar hombres y mujeres a comunidades para compartir el Evangelio, orar por los enfermos, ensenar estudios b\u00edblicos y entrenar y enviar ministros a plantar nuevas iglesias por todos los Estados Unidos y el mundo.<\/p>\r\n<ul class=\"bg-list-chevron bg-list\">\r\n<li>\u201cEntonces dijo a sus disc\u00edpulos: A la verdad la mies es mucha, mas los obreros pocos. Rogad pues, al Se\u00f1or de la mies, que env\u00ede obreros a su mies\u201d (Mateo 9:37-38)<\/li>\r\n<\/ul>\r\n<\/div>\r\n<\/div>\r\n<\/div>\r\n<\/div>\r\n","protected":false},"excerpt":{"rendered":"<p>DECLARACI\u00d3N DE MISI\u00d3N \u201cSin profec\u00eda el pueblo se desenfrena; Mas el que guarda la ley es bienaventurado&#8221; (Proverbios 29:18) EXALTAR A CRISTO Exaltamos a Cristo por medio de la alabanza y la adoraci\u00f3n, por medio de altares personales y familiares, por medio de la oraci\u00f3n, por medio del ayuno, por medio de la lectura y [&hellip;]<\/p>\n","protected":false},"author":1,"featured_media":0,"parent":0,"menu_order":0,"comment_status":"closed","ping_status":"closed","template":"","meta":{"bgseo_title":"","bgseo_description":"","bgseo_robots_index":"index","bgseo_robots_follow":"follow","footnotes":""},"class_list":["post-87","page","type-page","status-publish","hentry"],"_links":{"self":[{"href":"https:\/\/iglesiaapostolicanuevopacto.com\/index.php\/wp-json\/wp\/v2\/pages\/87","targetHints":{"allow":["GET"]}}],"collection":[{"href":"https:\/\/iglesiaapostolicanuevopacto.com\/index.php\/wp-json\/wp\/v2\/pages"}],"about":[{"href":"https:\/\/iglesiaapostolicanuevopacto.com\/index.php\/wp-json\/wp\/v2\/types\/page"}],"author":[{"embeddable":true,"href":"https:\/\/iglesiaapostolicanuevopacto.com\/index.php\/wp-json\/wp\/v2\/users\/1"}],"replies":[{"embeddable":true,"href":"https:\/\/iglesiaapostolicanuevopacto.com\/index.php\/wp-json\/wp\/v2\/comments?post=87"}],"version-history":[{"count":15,"href":"https:\/\/iglesiaapostolicanuevopacto.com\/index.php\/wp-json\/wp\/v2\/pages\/87\/revisions"}],"predecessor-version":[{"id":121,"href":"https:\/\/iglesiaapostolicanuevopacto.com\/index.php\/wp-json\/wp\/v2\/pages\/87\/revisions\/121"}],"wp:attachment":[{"href":"https:\/\/iglesiaapostolicanuevopacto.com\/index.php\/wp-json\/wp\/v2\/media?parent=87"}],"curies":[{"name":"wp","href":"https:\/\/api.w.org\/{rel}","templated":true}]}}