{"id":122,"date":"2024-08-21T02:14:33","date_gmt":"2024-08-21T02:14:33","guid":{"rendered":"https:\/\/iglesiaapostolicanuevopacto.com\/?page_id=122"},"modified":"2024-08-23T20:41:46","modified_gmt":"2024-08-23T20:41:46","slug":"en-que-creemos","status":"publish","type":"page","link":"https:\/\/iglesiaapostolicanuevopacto.com\/index.php\/en-que-creemos\/","title":{"rendered":"EN QU\u00c9 CREEMOS"},"content":{"rendered":"<div class=\"tmpl-testimonial-2 boldgrid-section dynamic-gridblock\" style=\"background-image: url('https:\/\/images.unsplash.com\/photo-1432383079404-c66efb4828a3?crop=entropy&amp;cs=tinysrgb&amp;fit=max&amp;fm=jpg&amp;ixid=MnwzODUwMDN8MHwxfGFsbHx8fHx8fHx8fDE2Njk3NDY0OTk&amp;ixlib=rb-4.0.3&amp;q=80&amp;w=1080'); background-size: cover; background-position: 50% 50%;\" data-image-url=\"https:\/\/images.unsplash.com\/photo-1432383079404-c66efb4828a3?crop=entropy&amp;cs=tinysrgb&amp;fit=max&amp;fm=jpg&amp;ixid=MnwzODUwMDN8MHwxfGFsbHx8fHx8fHx8fDE2Njk3NDY0OTk&amp;ixlib=rb-4.0.3&amp;q=80&amp;w=1080\">\n<div class=\"container\">\n<div class=\"row\" style=\"padding-top: 42px;\">\n<div class=\"col-md-12 col-sm-12 col-xs-12 col-lg-12\">\n<h2 class=\"\" style=\"text-align: center;\"><span style=\"color: #000000;\">Principios Doctrinales<\/span><\/h2>\n<\/div>\n<\/div>\n<div class=\"row\" style=\"padding-top: 20px; padding-bottom: 20px;\">\n<div class=\"col-md-1 col-sm-1 col-xs-12 col-lg-1\"><\/div>\n<div class=\"col-md-8 col-sm-6 col-xs-12 col-lg-4\">\n<div class=\"color4-background-color color-4-text-contrast bg-background-color bg-box\">\n<h6 class=\"\">LA BIBLIA<\/h6>\n<p class=\"\">\u201cEdificados sobre el fundamento de los ap\u00f3stoles y profetas, siendo la principal piedra del \u00e1ngulo Jesucristo mismo,\u201d (Efesios 2:20)<\/p>\n<p class=\"\">La Asamblea Apost\u00f3lica desde sus inicios ha cre\u00eddo que \u201cnuestro credo y disciplina, direcci\u00f3n, orden y doctrina est\u00e1n en la palabra de Dios\u201d.<\/p>\n<p class=\"\">Creemos que la palabra de Dios, La Biblia, es divinamente inspirada (2 Timoteo 3:16; 2 Pedro 1:20-21), y perfecta (Salmo 19:7), y que ella es nuestra m\u00e1xima y final autoridad (Mateo 24:35; Salmo 119:89; Romanos 3:4).<\/p>\n<p class=\"\">Creemos que los 66 libros de la Santa Biblia, desde el G\u00e9nesis hasta el Apocalipsis, son el canon completo de las sagradas escrituras.<\/p>\n<p>Creemos que Dios preserva su palabra a trav\u00e9s de los siglos para la salvaci\u00f3n y edificaci\u00f3n de su iglesia en todo el mundo.<\/p>\n<p class=\"\">\u201cDios habiendo hablado muchas veces y en muchas maneras en otro tiempo a los padres por los profetas, en estos postreros d\u00edas nos ha hablado por el hijo, a quien constituyo heredero de todo por quien asimismo hizo el universo,\u201d (Hebreos 1:1-2).<\/p>\n<\/div>\n<\/div>\n<div class=\"col-md-8 col-sm-6 col-xs-12 col-lg-4\">\n<div class=\"color4-background-color color-4-text-contrast bg-background-color bg-box\">\n<h6>HAY UN SOLO DIOS<\/h6>\n<p class=\"\">Creemos que hay un s\u00f3lo Dios que se ha manifestado al mundo en distintas formas a trav\u00e9s de las edades y que especialmente se ha revelado como Padre en la Creaci\u00f3n del Universo, como Hijo en la Redenci\u00f3n de la humanidad, y como Esp\u00edritu Santo derram\u00e1ndose en los corazones de los creyentes.<\/p>\n<p class=\"\">Este Dios es el Creador de todo lo que existe, sea visible o invisible. Es eterno, Infinito en poder, Santo en su naturaleza, atributos y prop\u00f3sitos. El posee una Divinidad absoluta e indivisible; es Infinito en su Inmensidad, Inconcebible en su modo de ser e Indescriptible en su Esencia; conocido completamente s\u00f3lo por s\u00ed mismo, porque una mente infinita solo se puede comprender por s\u00ed misma. No tiene cuerpo ni partes y por tanto est\u00e1 libre de todas las limitaciones.<\/p>\n<\/div>\n<\/div>\n<\/div>\n<div class=\"row\" style=\"padding-top: 20px; padding-bottom: 20px;\">\n<div class=\"col-md-1 col-sm-1 col-xs-12 col-lg-1\"><\/div>\n<div class=\"col-md-8 col-sm-6 col-xs-12 col-lg-4\">\n<div class=\"color4-background-color color-4-text-contrast bg-background-color bg-box\">\n<h6 class=\"\">JESUS CRISTO<\/h6>\n<p class=\"\">Creemos que Jesucristo naci\u00f3 milagrosamente del vientre de la virgen Mar\u00eda, por obra del Esp\u00edritu Santo y que al mismo tiempo es el \u00fanico y verdadero Dios (Romanos 9:5; 1 Juan 5:20). El mismo Dios del Antiguo Testamento tom\u00f3 forma humana (Isa\u00edas 60:1-3). \u201cY aquel Verbo fue hecho carne, y habit\u00f3 entre nosotros\u2026\u201d (Juan 1:14). \u201cE indiscutiblemente, grande es el misterio de la piedad: Dios fue manifestado en carne, justificado en el Esp\u00edritu, visto de los \u00e1ngeles, predicado a los gentiles, cre\u00eddo en el mundo, recibido arriba en gloria\u201d (1 Timoteo 3:16)<\/p>\n<p class=\"\">Creemos que en Jesucristo se mezclaron en una forma perfecta e incomprensible los atributos divinos y la naturaleza humana. Se llama el Hijo del Hombre porque El naci\u00f3 de la Virgen Maria en cuyo vientre tom\u00f3 forma de hombre, y adquiri\u00f3 as\u00ed su naturaleza humana. Se llama el Hijo de Dios porque fue engendrado del Esp\u00edritu Santo y particip\u00f3 as\u00ed de la naturaleza divina. \u00c9l era humano a trav\u00e9s de Maria, en cuyo vientre tom\u00f3 la forma de hombre. \u00c9l es divino por medio del Esp\u00edritu Santo quien engendr\u00f3 a Maria. As\u00ed, se llama el Hijo de Dios e Hijo del Hombre.<\/p>\n<p class=\"\">Por tanto creemos que Jesucristo es Dios \u201cPorque en \u00e9l habita corporalmente toda la plenitud de la Deidad\u201d, (Colosenses 2:9). Y creemos que la Biblia da a conocer todos sus atributos. Es Padre Eterno, a la vez es un ni\u00f1o que nos es nacido (Isa\u00edas 9:6). Es Creador de todo (Colosenses 1: 16, 17; Isa\u00edas 45:18). Es Omnipresente (Juan 3:13; Deuteronomio 4:39). Hac\u00eda maravillas como Dios Todopoderoso (Lucas 5:24-26; Salmos 86:10). Tiene potestad sobre el mar (Marcos 4:37-39; Salmos 107:29,30). Es el mismo siempre (Hebreos 13:8; Salmos 102:27).<\/p>\n<\/div>\n<\/div>\n<div class=\"col-md-8 col-sm-6 col-xs-12 col-lg-4\">\n<div class=\"color4-background-color color-4-text-contrast bg-background-color bg-box\">\n<h6>EL EAPIRITU SANTO<\/h6>\n<p class=\"\">Creemos en el bautismo del Esp\u00edritu Santo, prometido por Dios en el Antiguo Testamento y derramado despu\u00e9s de la glorificaci\u00f3n del Se\u00f1or Jesucristo, que es quien lo env\u00eda (Joel 2:28,29; Juan 7:37-39; 14:16-26; Hechos 2:1-4,16-18). Creemos, adem\u00e1s que la demostraci\u00f3n de que una persona ha sido bautizada con el Esp\u00edritu Santo, son las nuevas lenguas o idiomas en que el creyente puede hablar y que \u00e9sta se\u00f1al es tambi\u00e9n para nuestro tiempo.<\/p>\n<p class=\"\">Creemos tambi\u00e9n que el Esp\u00edritu Santo es potencia que permite testificar de Cristo (Hechos 1:8) y que sirve para la formaci\u00f3n de un car\u00e1cter cristiano m\u00e1s agradable a Dios (Galatas 5:22-25). El mismo Esp\u00edritu da dones a los hombres, que sirven para la edificaci\u00f3n de la Iglesia (Romanos 12:6-8; 1 Corintios 12:1-12; Efesios 4:7-13). No aceptamos que haya en ning\u00fan hombre la facultad de impartir a otro alg\u00fan don, pues \u201ctodas estas cosas las hace uno y el mismo Esp\u00edritu, repartiendo a cada uno en particular como \u00e9l quiere.\u201d (1 Corintios 12:11). \u201cPero a cada uno de nosotros fue dada la gracia conforme a la medida del don de Cristo\u201d (Efesios 4:7).<\/p>\n<p class=\"\">Todos los miembros de la Asamblea Apost\u00f3lica de la Fe en Cristo Jes\u00fas deben buscar el Esp\u00edritu Santo y tratar de vivir constantemente en el Esp\u00edritu, como lo recomienda (Romanos 8:5-16; Efesios 5:18; Colosenses 3:5).<\/p>\n<\/div>\n<\/div>\n<\/div>\n<div class=\"row\" style=\"padding-top: 20px; padding-bottom: 20px;\">\n<div class=\"col-md-1 col-sm-1 col-xs-12 col-lg-1\"><\/div>\n<div class=\"col-md-8 col-sm-6 col-xs-12 col-lg-8\">\n<div class=\"color4-background-color color-4-text-contrast bg-background-color bg-box\">\n<h6>EL BAUTISMO EN AGUA<\/h6>\n<p class=\"\">Creemos en el bautismo en agua, por inmersi\u00f3n y en el Nombre de Jesucristo, el cual debe ser administrado por un ministro ordenado. El bautismo debe ser por inmersi\u00f3n, porque s\u00f3lo as\u00ed representa la muerte del hombre al pecado, que debe ser semejante a la muerte de Cristo (Romanos 6:1 5). Y en el Nombre de Jesucristo, porque \u00e9sta es la forma en que los ap\u00f3stoles y ministros bautizaron en la edad primitiva de la Iglesia, seg\u00fan lo prueban las Sagradas Escrituras (Hechos 2:38; 8:16; 10:48; 19:6; 22:16).<\/p>\n<\/div>\n<\/div>\n<\/div>\n<div class=\"row\" style=\"padding-top: 20px; padding-bottom: 20px;\">\n<div class=\"col-md-12 col-sm-12 col-xs-12 col-lg-12\"><\/div>\n<\/div>\n<\/div>\n<\/div>\n<div class=\"boldgrid-section\">\n<div class=\"container\"><\/div>\n<\/div>\n","protected":false},"excerpt":{"rendered":"<p>Principios Doctrinales LA BIBLIA \u201cEdificados sobre el fundamento de los ap\u00f3stoles y profetas, siendo la principal piedra del \u00e1ngulo Jesucristo mismo,\u201d (Efesios 2:20) La Asamblea Apost\u00f3lica desde sus inicios ha cre\u00eddo que \u201cnuestro credo y disciplina, direcci\u00f3n, orden y doctrina est\u00e1n en la palabra de Dios\u201d. Creemos que la palabra de Dios, La Biblia, es [&hellip;]<\/p>\n","protected":false},"author":1,"featured_media":0,"parent":0,"menu_order":0,"comment_status":"closed","ping_status":"closed","template":"","meta":{"bgseo_title":"","bgseo_description":"","bgseo_robots_index":"index","bgseo_robots_follow":"follow","footnotes":""},"class_list":["post-122","page","type-page","status-publish","hentry"],"_links":{"self":[{"href":"https:\/\/iglesiaapostolicanuevopacto.com\/index.php\/wp-json\/wp\/v2\/pages\/122","targetHints":{"allow":["GET"]}}],"collection":[{"href":"https:\/\/iglesiaapostolicanuevopacto.com\/index.php\/wp-json\/wp\/v2\/pages"}],"about":[{"href":"https:\/\/iglesiaapostolicanuevopacto.com\/index.php\/wp-json\/wp\/v2\/types\/page"}],"author":[{"embeddable":true,"href":"https:\/\/iglesiaapostolicanuevopacto.com\/index.php\/wp-json\/wp\/v2\/users\/1"}],"replies":[{"embeddable":true,"href":"https:\/\/iglesiaapostolicanuevopacto.com\/index.php\/wp-json\/wp\/v2\/comments?post=122"}],"version-history":[{"count":11,"href":"https:\/\/iglesiaapostolicanuevopacto.com\/index.php\/wp-json\/wp\/v2\/pages\/122\/revisions"}],"predecessor-version":[{"id":165,"href":"https:\/\/iglesiaapostolicanuevopacto.com\/index.php\/wp-json\/wp\/v2\/pages\/122\/revisions\/165"}],"wp:attachment":[{"href":"https:\/\/iglesiaapostolicanuevopacto.com\/index.php\/wp-json\/wp\/v2\/media?parent=122"}],"curies":[{"name":"wp","href":"https:\/\/api.w.org\/{rel}","templated":true}]}}